{"id":132,"date":"2011-09-28T08:24:32","date_gmt":"2011-09-28T08:24:32","guid":{"rendered":"http:\/\/wp10589508.wp255.webpack.hosteurope.de\/webpage\/?page_id=132"},"modified":"2025-09-24T13:34:34","modified_gmt":"2025-09-24T11:34:34","slug":"impressum","status":"publish","type":"page","link":"https:\/\/www.jazz-gulfhaus.de\/?page_id=132","title":{"rendered":"Impressum"},"content":{"rendered":"<h1><strong>Impressum<\/strong><\/h1>\n<p>Angaben gem\u00e4\u00df \u00a7 5 TMG:<\/p>\n<p>Kultur RotWeiss<br \/>\nGro\u00dfe Stra\u00dfe 88<br \/>\n49377 Vechta<\/p>\n<h2>Vertreten durch:<\/h2>\n<p>&nbsp;<\/p>\n<p>Tobias Weiss<br \/>\nGro\u00dfe Str. 88<br \/>\n49377 Vechta<\/p>\n<p style=\"text-align: left;\"><span class=\"Apple-style-span\" style=\"font-size: 22px; color: #000000; line-height: 32px;\">Kontakt:<\/span><\/p>\n<table>\n<tbody>\n<tr>\n<td>Telefon:<\/td>\n<td>04441\/921199<\/td>\n<\/tr>\n<tr>\n<td>Telefax:<\/td>\n<td><\/td>\n<\/tr>\n<tr>\n<td>E-Mail:<\/td>\n<td>jazzimgulfhaus@googlemail.com<\/td>\n<\/tr>\n<\/tbody>\n<\/table>\n<p>&nbsp;<\/p>\n<h2>Haftungsausschluss:<\/h2>\n<p><strong>Haftung f\u00fcr Inhalte<\/strong><\/p>\n<p>Die Inhalte unserer Seiten wurden mit gr\u00f6\u00dfter Sorgfalt erstellt.<br \/>\nF\u00fcr die Richtigkeit, Vollst\u00e4ndigkeit und Aktualit\u00e4t der Inhalte<br \/>\nk\u00f6nnen wir jedoch keine Gew\u00e4hr \u00fcbernehmen. Als Diensteanbieter sind wir gem\u00e4\u00df \u00a7 7 Abs.1 TMG f\u00fcr<br \/>\neigene Inhalte auf diesen Seiten nach den allgemeinen Gesetzen verantwortlich.<br \/>\nNach \u00a7\u00a7 8 bis 10 TMG sind wir als Diensteanbieter jedoch nicht<br \/>\nverpflichtet, \u00fcbermittelte oder gespeicherte fremde Informationen zu<br \/>\n\u00fcberwachen oder nach Umst\u00e4nden zu forschen, die auf eine rechtswidrige<br \/>\nT\u00e4tigkeit hinweisen. Verpflichtungen zur Entfernung oder Sperrung der<br \/>\nNutzung von Informationen nach den allgemeinen Gesetzen bleiben hiervon<br \/>\nunber\u00fchrt. Eine diesbez\u00fcgliche Haftung ist jedoch erst ab dem<br \/>\nZeitpunkt der Kenntnis einer konkreten Rechtsverletzung m\u00f6glich. Bei<br \/>\nBekanntwerden von entsprechenden Rechtsverletzungen werden wir diese Inhalte<br \/>\numgehend entfernen.<\/p>\n<p><strong>Haftung f\u00fcr Links<\/strong><\/p>\n<p>Unser Angebot enth\u00e4lt Links zu externen Webseiten Dritter, auf deren<br \/>\nInhalte wir keinen Einfluss haben. Deshalb k\u00f6nnen wir f\u00fcr diese<br \/>\nfremden Inhalte auch keine Gew\u00e4hr \u00fcbernehmen. F\u00fcr die Inhalte<br \/>\nder verlinkten Seiten ist stets der jeweilige Anbieter oder Betreiber der<br \/>\nSeiten verantwortlich. Die verlinkten Seiten wurden zum Zeitpunkt der Verlinkung<br \/>\nauf m\u00f6gliche Rechtsverst\u00f6\u00dfe \u00fcberpr\u00fcft. Rechtswidrige<br \/>\nInhalte waren zum Zeitpunkt der Verlinkung nicht erkennbar. Eine permanente<br \/>\ninhaltliche Kontrolle der verlinkten Seiten ist jedoch ohne konkrete Anhaltspunkte<br \/>\neiner Rechtsverletzung nicht zumutbar. Bei Bekanntwerden von Rechtsverletzungen<br \/>\nwerden wir derartige Links umgehend entfernen.<\/p>\n<p><strong>Urheberrecht<\/strong><\/p>\n<p>Die durch die Seitenbetreiber erstellten Inhalte und Werke auf diesen Seiten<br \/>\nunterliegen dem deutschen Urheberrecht. Die Vervielf\u00e4ltigung, Bearbeitung, Verbreitung und<br \/>\njede Art der Verwertung au\u00dferhalb der Grenzen des Urheberrechtes bed\u00fcrfen<br \/>\nder schriftlichen Zustimmung des jeweiligen Autors bzw. Erstellers. Downloads<br \/>\nund Kopien dieser Seite sind nur f\u00fcr den privaten, nicht kommerziellen<br \/>\nGebrauch gestattet. Soweit die Inhalte auf dieser Seite nicht vom Betreiber erstellt wurden,<br \/>\nwerden die Urheberrechte Dritter beachtet. Insbesondere werden Inhalte Dritter als solche<br \/>\ngekennzeichnet. Sollten Sie trotzdem auf eine Urheberrechtsverletzung aufmerksam werden, bitten wir um einen entsprechenden Hinweis.<br \/>\nBei Bekanntwerden von Rechtsverletzungen werden wir derartige Inhalte umgehend entfernen.<\/p>\n<p><strong>Datenschutz<\/strong><\/p>\n<p>Die Nutzung unserer Webseite ist in der Regel ohne Angabe personenbezogener Daten m\u00f6glich. Soweit auf unseren Seiten personenbezogene Daten (beispielsweise Name,<br \/>\nAnschrift oder eMail-Adressen) erhoben werden, erfolgt dies, soweit m\u00f6glich, stets auf freiwilliger Basis. Diese Daten werden ohne Ihre ausdr\u00fcckliche Zustimmung nicht an Dritte weitergegeben.<\/p>\n<p>Wir weisen darauf hin, dass die Daten\u00fcbertragung im Internet (z.B.<br \/>\nbei der Kommunikation per E-Mail) Sicherheitsl\u00fccken aufweisen kann.<br \/>\nEin l\u00fcckenloser Schutz der Daten vor dem Zugriff durch Dritte ist nicht<br \/>\nm\u00f6glich.<\/p>\n<p>Der Nutzung von im Rahmen der Impressumspflicht ver\u00f6ffentlichten Kontaktdaten<br \/>\ndurch Dritte zur \u00dcbersendung von nicht ausdr\u00fccklich angeforderter<br \/>\nWerbung und Informationsmaterialien wird hiermit ausdr\u00fccklich widersprochen.<br \/>\nDie Betreiber der Seiten behalten sich ausdr\u00fccklich rechtliche Schritte<br \/>\nim Falle der unverlangten Zusendung von Werbeinformationen, etwa durch Spam-Mails,<br \/>\nvor.<\/p>\n<p><strong>Datenschutzerkl\u00e4rung f\u00fcr die Nutzung von Facebook-Plugins<br \/>\n(Like-Button)<\/strong><\/p>\n<p>Auf unseren Seiten sind Plugins des sozialen Netzwerks Facebook,<br \/>\n1601 South California Avenue, Palo Alto, CA 94304, USA integriert.<br \/>\nDie Facebook-Plugins erkennen Sie an dem Facebook-Logo oder<br \/>\ndem &#8222;Like-Button&#8220; (&#8222;Gef\u00e4llt mir&#8220;) auf unserer Seite. Eine \u00dcbersicht<br \/>\n\u00fcber die Facebook-Plugins finden Sie hier:<br \/>\n<a href=\"http:\/\/developers.facebook.com\/docs\/plugins\/\" target=\"_blank\">http:\/\/developers.facebook.com\/docs\/plugins\/<\/a>.<\/p>\n<p>Wenn Sie unsere Seiten<br \/>\nbesuchen, wird \u00fcber das Plugin eine direkte Verbindung zwischen Ihrem<br \/>\nBrowser und dem Facebook-Server hergestellt. Facebook erh\u00e4lt dadurch<br \/>\ndie Information, dass Sie mit Ihrer IP-Adresse unsere Seite<br \/>\nbesucht haben. Wenn Sie den Facebook &#8222;Like-Button&#8220; anklicken w\u00e4hrend<br \/>\nSie in Ihrem Facebook-Account eingeloggt sind, k\u00f6nnen Sie die Inhalte<br \/>\nunserer Seiten auf Ihrem Facebook-Profil verlinken. Dadurch kann<br \/>\nFacebook den Besuch unserer Seiten Ihrem Benutzerkonto zuordnen. Wir<br \/>\nweisen darauf hin, dass wir als Anbieter der Seiten keine Kenntnis vom<br \/>\nInhalt der \u00fcbermittelten Daten sowie deren Nutzung durch Facebook<br \/>\nerhalten. Weitere Informationen hierzu finden Sie in der<br \/>\nDatenschutzerkl\u00e4rung von facebook unter<br \/>\n<a href=\"http:\/\/de-de.facebook.com\/policy.php\" target=\"_blank\"><br \/>\nhttp:\/\/de-de.facebook.com\/policy.php<\/a><\/p>\n<p>Wenn Sie nicht w\u00fcnschen, dass Facebook den Besuch unserer Seiten Ihrem<br \/>\nFacebook-Nutzerkonto zuordnen kann, loggen Sie sich bitte aus Ihrem<br \/>\nFacebook-Benutzerkonto aus.<\/p>\n<p><strong>Datenschutzerkl\u00e4rung f\u00fcr die Nutzung von Google Analytics<\/strong><\/p>\n<p>Diese Website benutzt Google Analytics, einen Webanalysedienst der Google Inc.<br \/>\n(&#8222;Google&#8220;). Google Analytics verwendet sog. &#8222;Cookies&#8220;,<br \/>\nTextdateien, die auf Ihrem Computer gespeichert werden und die eine Analyse<br \/>\nder Benutzung der Website durch Sie erm\u00f6glicht. Die durch den Cookie erzeugten<br \/>\nInformationen \u00fcber Ihre Benutzung dieser Website (einschlie\u00dflich Ihrer<br \/>\nIP-Adresse) wird an einen Server von Google in den USA \u00fcbertragen und<br \/>\ndort gespeichert.<\/p>\n<p>Google wird diese Informationen benutzen, um Ihre Nutzung der Website<br \/>\nauszuwerten, um Reports \u00fcber die Websiteaktivit\u00e4ten f\u00fcr die Websitebetreiber<br \/>\nzusammenzustellen und um weitere mit der Websitenutzung und der Internetnutzung<br \/>\nverbundene Dienstleistungen zu erbringen. Auch wird Google diese Informationen<br \/>\ngegebenenfalls an Dritte \u00fcbertragen, sofern dies gesetzlich vorgeschrieben ist<br \/>\noder soweit Dritte diese Daten im Auftrag von Google verarbeiten. Google wird<br \/>\nin keinem Fall Ihre IP-Adresse mit anderen Daten der Google Inc. in Verbindung<br \/>\nbringen.<\/p>\n<p>Sie k\u00f6nnen die Speicherung der Cookies durch eine entsprechende Einstellung<br \/>\nIhrer Browser-Software verhindern; wir weisen Sie jedoch darauf hin, dass Sie in<br \/>\ndiesem Fall gegebenenfalls nicht s\u00e4mtliche Funktionen dieser Website vollumf\u00e4nglich<br \/>\nwerden nutzen k\u00f6nnen. Sie k\u00f6nnen dar\u00fcber hinaus die Erfassung der durch das<br \/>\nCookie erzeugten und auf Ihre Nutzung der Website bezogenen Daten (inkl.<br \/>\nIhrer IP-Adresse) an Google sowie die Verarbeitung dieser Daten durch Google<br \/>\nverhindern, indem sie das unter dem folgenden Link verf\u00fcgbare Browser-Plugin<br \/>\nherunterladen und installieren: <a href=\"http:\/\/tools.google.com\/dlpage\/gaoptout?hl=de\">http:\/\/tools.google.com\/dlpage\/gaoptout?hl=de<\/a>.<\/p>\n<p><strong>Datenschutzerkl\u00e4rung f\u00fcr die Nutzung von Google Adsense<\/strong><\/p>\n<p>Diese Website benutzt Google AdSense, einen Dienst zum Einbinden<br \/>\nvon Werbeanzeigen der Google Inc. (&#8222;Google&#8220;). Google AdSense<br \/>\nverwendet sog. &#8222;Cookies&#8220;, Textdateien, die auf Ihrem Computer<br \/>\ngespeichert werden und die eine Analyse der Benutzung der Website<br \/>\nerm\u00f6glicht. Google AdSense verwendet auch so genannte Web Beacons<br \/>\n(unsichtbare Grafiken). Durch diese Web Beacons k\u00f6nnen Informationen<br \/>\nwie der Besucherverkehr auf diesen Seiten ausgewertet werden.<\/p>\n<p>Die durch Cookies und Web Beacons erzeugten Informationen \u00fcber<br \/>\ndie Benutzung dieser Website (einschlie\u00dflich Ihrer IP-Adresse) und<br \/>\nAuslieferung von Werbeformaten werden an einen Server von Google<br \/>\nin den USA \u00fcbertragen und dort gespeichert. Diese Informationen k\u00f6nnen<br \/>\nvon Google an Vertragspartner von Google weiter gegeben werden.<br \/>\nGoogle wird Ihre IP-Adresse jedoch nicht mit anderen von Ihnen<br \/>\ngespeicherten Daten zusammenf\u00fchren.<\/p>\n<p>Sie k\u00f6nnen die Installation der Cookies durch eine entsprechende<br \/>\nEinstellung Ihrer Browser Software verhindern; wir weisen Sie jedoch<br \/>\ndarauf hin, dass Sie in diesem Fall gegebenenfalls nicht s\u00e4mtliche<br \/>\nFunktionen dieser Website voll umf\u00e4nglich nutzen k\u00f6nnen. Durch die<br \/>\nNutzung dieser Website erkl\u00e4ren Sie sich mit der Bearbeitung der<br \/>\n\u00fcber Sie erhobenen Daten durch Google in der zuvor beschriebenen<br \/>\nArt und Weise und zu dem zuvor benannten Zweck einverstanden.<\/p>\n<p><strong>Datenschutzerkl\u00e4rung f\u00fcr die Nutzung von Google +1<\/strong><\/p>\n<p><em>Erfassung und Weitergabe von Informationen:<\/em><\/p>\n<p>Mithilfe der Google +1-Schaltfl\u00e4che k\u00f6nnen Sie Informationen weltweit<br \/>\nver\u00f6ffentlichen. \u00fcber die Google +1-Schaltfl\u00e4che erhalten Sie und andere<br \/>\nNutzer personalisierte Inhalte von Google und unseren Partnern. Google<br \/>\nspeichert sowohl die Information, dass Sie f\u00fcr einen Inhalt +1 gegeben<br \/>\nhaben, als auch Informationen \u00fcber die Seite, die Sie beim Klicken auf<br \/>\n+1 angesehen haben. Ihre +1 k\u00f6nnen als Hinweise zusammen mit Ihrem<br \/>\nProfilnamen und Ihrem Foto in Google-Diensten, wie etwa in<br \/>\nSuchergebnissen oder in Ihrem Google-Profil, oder an anderen Stellen auf<br \/>\nWebsites und Anzeigen im Internet eingeblendet werden.<\/p>\n<p>Google zeichnet Informationen \u00fcber Ihre +1-Aktivit\u00e4ten auf, um die<br \/>\nGoogle-Dienste f\u00fcr Sie und andere zu verbessern. Um die Google<br \/>\n+1-Schaltfl\u00e4che verwenden zu k\u00f6nnen, ben\u00f6tigen Sie ein weltweit<br \/>\nsichtbares, \u00f6ffentliches Google-Profil, das zumindest den f\u00fcr das<br \/>\nProfil gew\u00e4hlten Namen enthalten muss. Dieser Name wird in allen<br \/>\nGoogle-Diensten verwendet. In manchen F\u00e4llen kann dieser Name auch<br \/>\neinen anderen Namen ersetzen, den Sie beim Teilen von Inhalten \u00fcber<br \/>\nIhr Google-Konto verwendet haben. Die Identit\u00e4t Ihres Google-Profils<br \/>\nkann Nutzern angezeigt werden, die Ihre E-Mail-Adresse kennen oder<br \/>\n\u00fcber andere identifizierende Informationen von Ihnen verf\u00fcgen.<\/p>\n<p><em>Verwendung der erfassten Informationen:<\/em><\/p>\n<p>Neben den oben erl\u00e4uterten Verwendungszwecken werden die von Ihnen<br \/>\nbereitgestellten Informationen gem\u00e4\u00df den geltenden<br \/>\nGoogle-Datenschutzbestimmungen genutzt. Google ver\u00f6ffentlicht<br \/>\nm\u00f6glicherweise zusammengefasste Statistiken \u00fcber die +1-Aktivit\u00e4ten<br \/>\nder Nutzer bzw. gibt diese an Nutzer und Partner weiter, wie etwa<br \/>\nPublisher, Inserenten oder verbundene Websites.<\/p>\n<p><em><br \/>\n<\/em><\/p>\n","protected":false},"excerpt":{"rendered":"<p>Impressum Angaben gem\u00e4\u00df \u00a7 5 TMG: Kultur RotWeiss Gro\u00dfe Stra\u00dfe 88 49377 Vechta Vertreten durch: &nbsp; Tobias Weiss Gro\u00dfe Str. 88 49377 Vechta Kontakt: Telefon: 04441\/921199 Telefax: E-Mail: jazzimgulfhaus@googlemail.com &nbsp; Haftungsausschluss: Haftung f\u00fcr Inhalte Die Inhalte unserer Seiten wurden mit gr\u00f6\u00dfter Sorgfalt erstellt. F\u00fcr die Richtigkeit, Vollst\u00e4ndigkeit und Aktualit\u00e4t der Inhalte k\u00f6nnen wir jedoch keine &hellip; <\/p>\n<p class=\"link-more\"><a href=\"https:\/\/www.jazz-gulfhaus.de\/?page_id=132\" class=\"more-link\"><span class=\"screen-reader-text\">\u201eImpressum\u201c <\/span>weiterlesen<\/a><\/p>\n","protected":false},"author":2,"featured_media":0,"parent":0,"menu_order":0,"comment_status":"closed","ping_status":"closed","template":"","meta":{"footnotes":""},"class_list":["post-132","page","type-page","status-publish","hentry"],"_links":{"self":[{"href":"https:\/\/www.jazz-gulfhaus.de\/index.php?rest_route=\/wp\/v2\/pages\/132","targetHints":{"allow":["GET"]}}],"collection":[{"href":"https:\/\/www.jazz-gulfhaus.de\/index.php?rest_route=\/wp\/v2\/pages"}],"about":[{"href":"https:\/\/www.jazz-gulfhaus.de\/index.php?rest_route=\/wp\/v2\/types\/page"}],"author":[{"embeddable":true,"href":"https:\/\/www.jazz-gulfhaus.de\/index.php?rest_route=\/wp\/v2\/users\/2"}],"replies":[{"embeddable":true,"href":"https:\/\/www.jazz-gulfhaus.de\/index.php?rest_route=%2Fwp%2Fv2%2Fcomments&post=132"}],"version-history":[{"count":9,"href":"https:\/\/www.jazz-gulfhaus.de\/index.php?rest_route=\/wp\/v2\/pages\/132\/revisions"}],"predecessor-version":[{"id":141,"href":"https:\/\/www.jazz-gulfhaus.de\/index.php?rest_route=\/wp\/v2\/pages\/132\/revisions\/141"}],"wp:attachment":[{"href":"https:\/\/www.jazz-gulfhaus.de\/index.php?rest_route=%2Fwp%2Fv2%2Fmedia&parent=132"}],"curies":[{"name":"wp","href":"https:\/\/api.w.org\/{rel}","templated":true}]}}